{"id":17,"date":"2026-04-04T13:33:11","date_gmt":"2026-04-04T11:33:11","guid":{"rendered":"https:\/\/opravimeelektro.cz\/index.php\/jak-probiha-oprava\/"},"modified":"2026-04-04T14:51:42","modified_gmt":"2026-04-04T12:51:42","slug":"jak-probiha-oprava","status":"publish","type":"page","link":"https:\/\/opravimeelektro.cz\/index.php\/jak-probiha-oprava\/","title":{"rendered":"Jak prob\u00edh\u00e1 oprava"},"content":{"rendered":"<p><div class=\"et_d4_element et_pb_section et_pb_section_0 oe-page-hero  et_pb_css_mix_blend_mode et_section_regular et_block_section\" >\n\t\t\t\t\n\t\t\t\t\n\t\t\t\t\n\t\t\t\t\n\t\t\t\t\n\t\t\t\t\n\t\t\t\t<div class=\"et_d4_element et_pb_row et_pb_row_0  et_pb_css_mix_blend_mode et_block_row\">\n\t\t\t\t<div class=\"et_d4_element et_pb_column_1_2 et_pb_column et_pb_column_0  et_pb_css_mix_blend_mode et_block_column\">\n\t\t\t\t\n\t\t\t\t\n\t\t\t\t\n\t\t\t\t\n\t\t\t\t<div class=\"et_pb_module et_d4_element et_pb_text et_pb_text_0  et_pb_text_align_left et_pb_bg_layout_light\">\n\t\t\t\t\n\t\t\t\t\n\t\t\t\t\n\t\t\t\t\n\t\t\t\t<div class=\"et_pb_text_inner\"><div class=\"oe-hero-card\">\n<div class=\"oe-section-heading\">\n\t\t\t\t<span class=\"oe-eyebrow\">Jak prob\u00edh\u00e1 oprava<\/span><\/p>\n<h2>Jednoduch\u00fd proces, kter\u00fd n\u00e1v\u0161t\u011bvn\u00edka dovede od prvn\u00ed zpr\u00e1vy a\u017e k p\u0159ed\u00e1n\u00ed za\u0159\u00edzen\u00ed<\/h2>\n<p>Podstr\u00e1nka vysv\u011btluje pr\u016fb\u011bh slu\u017eby tak, aby nep\u016fsobila technicky slo\u017eit\u011b, ale sou\u010dasn\u011b p\u016fsobila profesion\u00e1ln\u011b a d\u016fv\u011bryhodn\u011b.<\/p>\n<div class=\"oe-button-row\">\n\t\t\t\t\t<a class=\"oe-btn oe-btn--primary\" href=\"https:\/\/opravimeelektro.cz\/index.php\/kontakt\/\">P\u0159ej\u00edt na kontakt<\/a><br \/>\n\t\t\t\t\t<a class=\"oe-btn oe-btn--ghost\" href=\"https:\/\/opravimeelektro.cz\/index.php\/sluzby\/\">Zobrazit slu\u017eby<\/a>\n\t\t\t\t<\/div>\n<\/p><\/div>\n<\/p><\/div><\/div>\n\t\t\t<\/div>\n\t\t\t<\/div><div class=\"et_d4_element et_pb_column_1_2 et_pb_column et_pb_column_1  et_pb_css_mix_blend_mode et-last-child et_block_column\">\n\t\t\t\t\n\t\t\t\t\n\t\t\t\t\n\t\t\t\t\n\t\t\t\t<div class=\"et_pb_module et_d4_element et_pb_text et_pb_text_1  et_pb_text_align_left et_pb_bg_layout_light\">\n\t\t\t\t\n\t\t\t\t\n\t\t\t\t\n\t\t\t\t\n\t\t\t\t<div class=\"et_pb_text_inner\"><div class=\"oe-side-panel oe-side-panel--accent\">\n<h3>Co na str\u00e1nce n\u00e1v\u0161t\u011bvn\u00edk najde<\/h3>\n<p>Pr\u016fb\u011bh slu\u017eby je rozlo\u017een\u00fd do jasn\u00fdch krok\u016f, aby bylo hned z\u0159ejm\u00e9, co se \u0159e\u0161\u00ed p\u0159ed diagnostikou, b\u011bhem n\u00ed i po dokon\u010den\u00ed opravy.<\/p>\n<ul class=\"oe-check-list\">\n<li>prvn\u00ed kontakt a zad\u00e1n\u00ed z\u00e1vady<\/li>\n<li>vstupn\u00ed kontrola a doporu\u010den\u00ed dal\u0161\u00edho postupu<\/li>\n<li>samotn\u00e1 oprava, kontrola a p\u0159ed\u00e1n\u00ed za\u0159\u00edzen\u00ed<\/li>\n<\/ul><\/div><\/div>\n\t\t\t<\/div>\n\t\t\t<\/div>\n\t\t\t\t\n\t\t\t\t\n\t\t\t\t\n\t\t\t\t\n\t\t\t<\/div>\n\t\t\t\t\n\t\t\t\t\n\t\t\t<\/div><div class=\"et_d4_element et_pb_section et_pb_section_1 oe-surface-section  et_pb_css_mix_blend_mode et_section_regular et_block_section\" >\n\t\t\t\t\n\t\t\t\t\n\t\t\t\t\n\t\t\t\t\n\t\t\t\t\n\t\t\t\t\n\t\t\t\t<div class=\"et_d4_element et_pb_row et_pb_row_1  et_pb_css_mix_blend_mode et_block_row\">\n\t\t\t\t<div class=\"et_d4_element et_pb_column_4_4 et_pb_column et_pb_column_2  et_pb_css_mix_blend_mode et-last-child et_block_column\">\n\t\t\t\t\n\t\t\t\t\n\t\t\t\t\n\t\t\t\t\n\t\t\t\t<div class=\"et_pb_module et_d4_element et_pb_text et_pb_text_2  et_pb_text_align_left et_pb_bg_layout_light\">\n\t\t\t\t\n\t\t\t\t\n\t\t\t\t\n\t\t\t\t\n\t\t\t\t<div class=\"et_pb_text_inner\"><div class=\"oe-section-box\">\n<div class=\"oe-section-heading\">\n\t\t\t\t<span class=\"oe-eyebrow\">Postup<\/span><\/p>\n<h2>Jednotliv\u00e9 kroky od prvn\u00ed zpr\u00e1vy po dokon\u010denou opravu<\/h2>\n<p>Pr\u016fb\u011bh je popsan\u00fd v\u011bcn\u011b a srozumiteln\u011b, aby n\u00e1v\u0161t\u011bvn\u00edk p\u0159esn\u011b v\u011bd\u011bl, co od dal\u0161\u00ed komunikace \u010dekat.<\/p>\n<\/p><\/div>\n<div class=\"oe-step-grid\">\n<article class=\"oe-step-card\">\n\t\t\t\t<span class=\"oe-step-number\">1<\/span><\/p>\n<h3>Prvn\u00ed kontakt<\/h3>\n<p>Z\u00e1kazn\u00edk uvede typ za\u0159\u00edzen\u00ed, zna\u010dku a stru\u010dn\u00fd popis probl\u00e9mu. T\u00edm se rychle nastav\u00ed kontext cel\u00e9 popt\u00e1vky.<\/p>\n<\/article>\n<article class=\"oe-step-card\">\n\t\t\t\t<span class=\"oe-step-number\">2<\/span><\/p>\n<h3>Vstupn\u00ed kontrola<\/h3>\n<p>Zkontroluje se stav za\u0159\u00edzen\u00ed a up\u0159esn\u00ed se, na co se p\u0159i diagnostice zam\u011b\u0159it.<\/p>\n<\/article>\n<article class=\"oe-step-card\">\n\t\t\t\t<span class=\"oe-step-number\">3<\/span><\/p>\n<h3>Diagnostika a doporu\u010den\u00ed<\/h3>\n<p>Po vyhodnocen\u00ed z\u00e1vady n\u00e1sleduje srozumiteln\u00e9 vysv\u011btlen\u00ed mo\u017enost\u00ed a n\u00e1vrh dal\u0161\u00edho postupu.<\/p>\n<\/article>\n<article class=\"oe-step-card\">\n\t\t\t\t<span class=\"oe-step-number\">4<\/span><\/p>\n<h3>Samotn\u00e1 oprava<\/h3>\n<p>Po potvrzen\u00ed navr\u017een\u00e9ho \u0159e\u0161en\u00ed prob\u011bhne servisn\u00ed z\u00e1sah v rozsahu, kter\u00fd d\u00e1v\u00e1 smysl pro konkr\u00e9tn\u00ed za\u0159\u00edzen\u00ed.<\/p>\n<\/article>\n<article class=\"oe-step-card\">\n\t\t\t\t<span class=\"oe-step-number\">5<\/span><\/p>\n<h3>Kontrola a p\u0159ed\u00e1n\u00ed<\/h3>\n<p>Na z\u00e1v\u011br se ov\u011b\u0159\u00ed funk\u010dnost a p\u0159iprav\u00ed se za\u0159\u00edzen\u00ed k p\u0159ed\u00e1n\u00ed nebo navazuj\u00edc\u00ed komunikaci.<\/p>\n<\/article>\n<\/div><\/div><\/div>\n\t\t\t<\/div>\n\t\t\t<\/div>\n\t\t\t\t\n\t\t\t\t\n\t\t\t\t\n\t\t\t\t\n\t\t\t<\/div>\n\t\t\t\t\n\t\t\t\t\n\t\t\t<\/div><div class=\"et_d4_element et_pb_section et_pb_section_2  et_pb_css_mix_blend_mode et_section_regular et_block_section\" >\n\t\t\t\t\n\t\t\t\t\n\t\t\t\t\n\t\t\t\t\n\t\t\t\t\n\t\t\t\t\n\t\t\t\t<div class=\"et_d4_element et_pb_row et_pb_row_2  et_pb_css_mix_blend_mode et_block_row\">\n\t\t\t\t<div class=\"et_d4_element et_pb_column_4_4 et_pb_column et_pb_column_3  et_pb_css_mix_blend_mode et-last-child et_block_column\">\n\t\t\t\t\n\t\t\t\t\n\t\t\t\t\n\t\t\t\t\n\t\t\t\t<div class=\"et_pb_module et_d4_element et_pb_text et_pb_text_3  et_pb_text_align_left et_pb_bg_layout_light\">\n\t\t\t\t\n\t\t\t\t\n\t\t\t\t\n\t\t\t\t\n\t\t\t\t<div class=\"et_pb_text_inner\"><div class=\"oe-section-box\">\n<div class=\"oe-section-heading\">\n\t\t\t\t<span class=\"oe-eyebrow\">Co z toho plyne<\/span><\/p>\n<h2>Proces je napsan\u00fd tak, aby n\u00e1v\u0161t\u011bvn\u00edk rychle pochopil dal\u0161\u00ed krok<\/h2>\n<p>To je d\u016fle\u017eit\u00e9 hlavn\u011b u servisn\u00edch web\u016f, kde d\u016fv\u011bra a orientace rozhoduj\u00ed o tom, jestli \u010dlov\u011bk ode\u0161le popt\u00e1vku.<\/p>\n<\/p><\/div>\n<div class=\"oe-benefit-grid\">\n<article class=\"oe-simple-card\">\n<h3>Bez zbyte\u010dn\u00fdch slib\u016f<\/h3>\n<p>Str\u00e1nka komunikuje profesion\u00e1ln\u011b a v\u011bcn\u011b. P\u016fsob\u00ed d\u016fv\u011bryhodn\u011b i bez agresivn\u00edch marketingov\u00fdch tvrzen\u00ed.<\/p>\n<\/article>\n<article class=\"oe-simple-card\">\n<h3>Jasn\u00e1 o\u010dek\u00e1v\u00e1n\u00ed<\/h3>\n<p>N\u00e1v\u0161t\u011bvn\u00edk hned v\u00ed, jak popt\u00e1vku p\u0159ipravit a co od dal\u0161\u00ed komunikace \u010dekat.<\/p>\n<\/article>\n<article class=\"oe-simple-card\">\n<h3>P\u0159ipraven\u00e9 pro dal\u0161\u00ed rozvoj<\/h3>\n<p>Jednotliv\u00e9 kroky i odpov\u011bdi ve FAQ lze pozd\u011bji snadno roz\u0161\u00ed\u0159it p\u0159\u00edmo v Divi.<\/p>\n<\/article>\n<\/div><\/div><\/div>\n\t\t\t<\/div>\n\t\t\t<\/div>\n\t\t\t\t\n\t\t\t\t\n\t\t\t\t\n\t\t\t\t\n\t\t\t<\/div>\n\t\t\t\t\n\t\t\t\t\n\t\t\t<\/div><div class=\"et_d4_element et_pb_section et_pb_section_3 oe-surface-section  et_pb_css_mix_blend_mode et_section_regular et_block_section\" >\n\t\t\t\t\n\t\t\t\t\n\t\t\t\t\n\t\t\t\t\n\t\t\t\t\n\t\t\t\t\n\t\t\t\t<div class=\"et_d4_element et_pb_row et_pb_row_3  et_pb_css_mix_blend_mode et_block_row\">\n\t\t\t\t<div class=\"et_d4_element et_pb_column_4_4 et_pb_column et_pb_column_4  et_pb_css_mix_blend_mode et-last-child et_block_column\">\n\t\t\t\t\n\t\t\t\t\n\t\t\t\t\n\t\t\t\t\n\t\t\t\t<div class=\"et_pb_module et_d4_element et_pb_text et_pb_text_4  et_pb_text_align_left et_pb_bg_layout_light\">\n\t\t\t\t\n\t\t\t\t\n\t\t\t\t\n\t\t\t\t\n\t\t\t\t<div class=\"et_pb_text_inner\"><div class=\"oe-section-box\">\n<div class=\"oe-section-heading\">\n\t\t\t\t<span class=\"oe-eyebrow\">FAQ<\/span><\/p>\n<h2>\u010cast\u00e9 ot\u00e1zky p\u0159ed odesl\u00e1n\u00edm popt\u00e1vky<\/h2>\n<p>Odpov\u011bdi jsou formulovan\u00e9 tak, aby p\u016fsobily klidn\u011b, profesion\u00e1ln\u011b a bez zbyte\u010dn\u00fdch technick\u00fdch komplikac\u00ed.<\/p>\n<\/p><\/div>\n<\/p><\/div><\/div>\n\t\t\t<\/div>\n\t\t\t<\/div>\n\t\t\t\t\n\t\t\t\t\n\t\t\t\t\n\t\t\t\t\n\t\t\t<\/div><div class=\"et_d4_element et_pb_row et_pb_row_4  et_pb_css_mix_blend_mode et_block_row\">\n\t\t\t\t<div class=\"et_d4_element et_pb_column_4_4 et_pb_column et_pb_column_5  et_pb_css_mix_blend_mode et-last-child et_block_column\">\n\t\t\t\t\n\t\t\t\t\n\t\t\t\t\n\t\t\t\t\n\t\t\t\t<div class=\"oe-faq-wrap\"><div class=\"et_pb_module et_d4_element et_pb_toggle et_pb_toggle_0 oe-faq-toggle et_pb_toggle_item  et_pb_toggle_close\">\n\t\t\t\t\n\t\t\t\t\n\t\t\t\t\n\t\t\t\t\n\t\t\t\t<h5 class=\"et_pb_toggle_title\">Co je dobr\u00e9 uv\u00e9st do prvn\u00ed zpr\u00e1vy?<\/h5>\n\t\t\t\t<div class=\"et_pb_toggle_content clearfix\"><p>Ide\u00e1ln\u00ed je zna\u010dka a model za\u0159\u00edzen\u00ed, stru\u010dn\u00fd popis z\u00e1vady a informace, kdy se probl\u00e9m za\u010dal projevovat. \u010c\u00edm p\u0159esn\u011bj\u0161\u00ed popis, t\u00edm snaz\u0161\u00ed je nav\u00e1zat konkr\u00e9tn\u00edm doporu\u010den\u00edm.<\/p><\/div>\n\t\t\t<\/div><div class=\"et_pb_module et_d4_element et_pb_toggle et_pb_toggle_1 oe-faq-toggle et_pb_toggle_item  et_pb_toggle_close\">\n\t\t\t\t\n\t\t\t\t\n\t\t\t\t\n\t\t\t\t\n\t\t\t\t<h5 class=\"et_pb_toggle_title\">Co kdy\u017e si nejsem jist\u00fd p\u0159esn\u00fdm modelem?<\/h5>\n\t\t\t\t<div class=\"et_pb_toggle_content clearfix\"><p>To nevad\u00ed. Sta\u010d\u00ed co nejl\u00e9pe popsat za\u0159\u00edzen\u00ed a probl\u00e9m. Up\u0159esn\u011bn\u00ed se m\u016f\u017ee doplnit v dal\u0161\u00ed komunikaci.<\/p><\/div>\n\t\t\t<\/div><div class=\"et_pb_module et_d4_element et_pb_toggle et_pb_toggle_2 oe-faq-toggle et_pb_toggle_item  et_pb_toggle_close\">\n\t\t\t\t\n\t\t\t\t\n\t\t\t\t\n\t\t\t\t\n\t\t\t\t<h5 class=\"et_pb_toggle_title\">Lze \u0159e\u0161it i v\u00edce za\u0159\u00edzen\u00ed najednou?<\/h5>\n\t\t\t\t<div class=\"et_pb_toggle_content clearfix\"><p>Ano. Web i kontaktn\u00ed formul\u00e1\u0159 jsou p\u0159ipraven\u00e9 tak, aby bylo mo\u017en\u00e9 uv\u00e9st i v\u00edce za\u0159\u00edzen\u00ed nebo kombinovan\u00e9 servisn\u00ed zad\u00e1n\u00ed.<\/p><\/div>\n\t\t\t<\/div><div class=\"et_pb_module et_d4_element et_pb_toggle et_pb_toggle_3 oe-faq-toggle et_pb_toggle_item  et_pb_toggle_close\">\n\t\t\t\t\n\t\t\t\t\n\t\t\t\t\n\t\t\t\t\n\t\t\t\t<h5 class=\"et_pb_toggle_title\">D\u00e1 se z\u00e1vada nejd\u0159\u00edv jen konzultovat?<\/h5>\n\t\t\t\t<div class=\"et_pb_toggle_content clearfix\"><p>Ano. Textace webu po\u010d\u00edt\u00e1 i s t\u00edm, \u017ee z\u00e1kazn\u00edk pot\u0159ebuje nejprve stru\u010dnou konzultaci a teprve potom se rozhodne pro dal\u0161\u00ed krok.<\/p><\/div>\n\t\t\t<\/div><\/div>\n\t\t\t<\/div>\n\t\t\t\t\n\t\t\t\t\n\t\t\t\t\n\t\t\t\t\n\t\t\t<\/div>\n\t\t\t\t\n\t\t\t\t\n\t\t\t<\/div><div class=\"et_d4_element et_pb_section et_pb_section_4  et_pb_css_mix_blend_mode et_section_regular et_block_section\" >\n\t\t\t\t\n\t\t\t\t\n\t\t\t\t\n\t\t\t\t\n\t\t\t\t\n\t\t\t\t\n\t\t\t\t<div class=\"et_d4_element et_pb_row et_pb_row_5  et_pb_css_mix_blend_mode et_block_row\">\n\t\t\t\t<div class=\"et_d4_element et_pb_column_4_4 et_pb_column et_pb_column_6  et_pb_css_mix_blend_mode et-last-child et_block_column\">\n\t\t\t\t\n\t\t\t\t\n\t\t\t\t\n\t\t\t\t\n\t\t\t\t<div class=\"et_pb_module et_d4_element et_pb_text et_pb_text_5  et_pb_text_align_left et_pb_bg_layout_light\">\n\t\t\t\t\n\t\t\t\t\n\t\t\t\t\n\t\t\t\t\n\t\t\t\t<div class=\"et_pb_text_inner\"><div class=\"oe-cta-panel\">\n<div class=\"oe-cta-copy\">\n<h2>Chcete nav\u00e1zat konkr\u00e9tn\u00ed popt\u00e1vkou?<\/h2>\n<p>Na kontaktn\u00ed str\u00e1nce sta\u010d\u00ed popsat typ za\u0159\u00edzen\u00ed a probl\u00e9m. Odtud u\u017e m\u016f\u017ee komunikace pokra\u010dovat p\u0159\u00edmo k \u0159e\u0161en\u00ed.<\/p>\n<\/p><\/div>\n<div class=\"oe-button-row\"><a class=\"oe-btn oe-btn--primary\" href=\"https:\/\/opravimeelektro.cz\/index.php\/kontakt\/\">P\u0159ej\u00edt na kontakt<\/a><\/div>\n<\/p><\/div><\/div>\n\t\t\t<\/div>\n\t\t\t<\/div>\n\t\t\t\t\n\t\t\t\t\n\t\t\t\t\n\t\t\t\t\n\t\t\t<\/div>\n\t\t\t\t\n\t\t\t\t\n\t\t\t<\/div><\/p>\n","protected":false},"excerpt":{"rendered":"","protected":false},"author":0,"featured_media":0,"parent":0,"menu_order":3,"comment_status":"closed","ping_status":"closed","template":"","meta":{"_et_pb_use_builder":"on","_et_pb_old_content":"","_et_gb_content_width":"","footnotes":""},"class_list":["post-17","page","type-page","status-publish","hentry"],"_links":{"self":[{"href":"https:\/\/opravimeelektro.cz\/index.php\/wp-json\/wp\/v2\/pages\/17","targetHints":{"allow":["GET"]}}],"collection":[{"href":"https:\/\/opravimeelektro.cz\/index.php\/wp-json\/wp\/v2\/pages"}],"about":[{"href":"https:\/\/opravimeelektro.cz\/index.php\/wp-json\/wp\/v2\/types\/page"}],"replies":[{"embeddable":true,"href":"https:\/\/opravimeelektro.cz\/index.php\/wp-json\/wp\/v2\/comments?post=17"}],"version-history":[{"count":4,"href":"https:\/\/opravimeelektro.cz\/index.php\/wp-json\/wp\/v2\/pages\/17\/revisions"}],"predecessor-version":[{"id":73,"href":"https:\/\/opravimeelektro.cz\/index.php\/wp-json\/wp\/v2\/pages\/17\/revisions\/73"}],"wp:attachment":[{"href":"https:\/\/opravimeelektro.cz\/index.php\/wp-json\/wp\/v2\/media?parent=17"}],"curies":[{"name":"wp","href":"https:\/\/api.w.org\/{rel}","templated":true}]}}