{"id":22,"date":"2026-04-04T13:33:12","date_gmt":"2026-04-04T11:33:12","guid":{"rendered":"https:\/\/opravimeelektro.cz\/index.php\/sluzby\/servis-chytrych-hodinek\/"},"modified":"2026-04-04T14:51:43","modified_gmt":"2026-04-04T12:51:43","slug":"servis-chytrych-hodinek","status":"publish","type":"page","link":"https:\/\/opravimeelektro.cz\/index.php\/sluzby\/servis-chytrych-hodinek\/","title":{"rendered":"Servis chytr\u00fdch hodinek"},"content":{"rendered":"<p><div class=\"et_d4_element et_pb_section et_pb_section_0 oe-page-hero  et_pb_css_mix_blend_mode et_section_regular et_block_section\" >\n\t\t\t\t\n\t\t\t\t\n\t\t\t\t\n\t\t\t\t\n\t\t\t\t\n\t\t\t\t\n\t\t\t\t<div class=\"et_d4_element et_pb_row et_pb_row_0  et_pb_css_mix_blend_mode et_block_row\">\n\t\t\t\t<div class=\"et_d4_element et_pb_column_1_2 et_pb_column et_pb_column_0  et_pb_css_mix_blend_mode et_block_column\">\n\t\t\t\t\n\t\t\t\t\n\t\t\t\t\n\t\t\t\t\n\t\t\t\t<div class=\"et_pb_module et_d4_element et_pb_text et_pb_text_0  et_pb_text_align_left et_pb_bg_layout_light\">\n\t\t\t\t\n\t\t\t\t\n\t\t\t\t\n\t\t\t\t\n\t\t\t\t<div class=\"et_pb_text_inner\"><div class=\"oe-hero-card\">\n<div class=\"oe-section-heading\">\n\t\t\t\t<span class=\"oe-eyebrow\">Chytr\u00e9 hodinky<\/span><\/p>\n<h2>Servis chytr\u00fdch hodinek<\/h2>\n<p>Podstr\u00e1nka pro chytr\u00e9 hodinky roz\u0161i\u0159uje nab\u00eddku o kategorii, kterou b\u011b\u017en\u00e9 servisy \u010dasto nekomunikuj\u00ed dostate\u010dn\u011b samostatn\u011b.<\/p>\n<div class=\"oe-button-row\">\n\t\t\t\t\t<a class=\"oe-btn oe-btn--primary\" href=\"https:\/\/opravimeelektro.cz\/index.php\/kontakt\/\">Nez\u00e1vazn\u011b popsat z\u00e1vadu<\/a><br \/>\n\t\t\t\t\t<a class=\"oe-btn oe-btn--ghost\" href=\"https:\/\/opravimeelektro.cz\/index.php\/sluzby\/\">Zp\u011bt na slu\u017eby<\/a>\n\t\t\t\t<\/div>\n<\/p><\/div>\n<\/p><\/div><\/div>\n\t\t\t<\/div>\n\t\t\t<\/div><div class=\"et_d4_element et_pb_column_1_2 et_pb_column et_pb_column_1  et_pb_css_mix_blend_mode et-last-child et_block_column\">\n\t\t\t\t\n\t\t\t\t\n\t\t\t\t\n\t\t\t\t\n\t\t\t\t<div class=\"et_pb_module et_d4_element et_pb_text et_pb_text_1  et_pb_text_align_left et_pb_bg_layout_light\">\n\t\t\t\t\n\t\t\t\t\n\t\t\t\t\n\t\t\t\t\n\t\t\t\t<div class=\"et_pb_text_inner\"><div class=\"oe-side-panel oe-side-panel--accent\">\n<h3>Siln\u00e9 str\u00e1nky t\u00e9to prezentace<\/h3>\n<p>Obsah ukazuje, \u017ee servis pokr\u00fdv\u00e1 i men\u0161\u00ed a technicky specifick\u00e1 za\u0159\u00edzen\u00ed, co\u017e posiluje dojem odbornosti a \u0161\u00ed\u0159e z\u00e1b\u011bru.<\/p>\n<ul class=\"oe-check-list\">\n<li>po\u0161kozen\u00e1 skla a obrazovky<\/li>\n<li>v\u00fddr\u017e baterie a nab\u00edjen\u00ed<\/li>\n<li>probl\u00e9my s korunkou, tla\u010d\u00edtky a senzory<\/li>\n<\/ul><\/div><\/div>\n\t\t\t<\/div>\n\t\t\t<\/div>\n\t\t\t\t\n\t\t\t\t\n\t\t\t\t\n\t\t\t\t\n\t\t\t<\/div>\n\t\t\t\t\n\t\t\t\t\n\t\t\t<\/div><div class=\"et_d4_element et_pb_section et_pb_section_1  et_pb_css_mix_blend_mode et_section_regular et_block_section\" >\n\t\t\t\t\n\t\t\t\t\n\t\t\t\t\n\t\t\t\t\n\t\t\t\t\n\t\t\t\t\n\t\t\t\t<div class=\"et_d4_element et_pb_row et_pb_row_1  et_pb_css_mix_blend_mode et_block_row\">\n\t\t\t\t<div class=\"et_d4_element et_pb_column_4_4 et_pb_column et_pb_column_2  et_pb_css_mix_blend_mode et-last-child et_block_column\">\n\t\t\t\t\n\t\t\t\t\n\t\t\t\t\n\t\t\t\t\n\t\t\t\t<div class=\"et_pb_module et_d4_element et_pb_text et_pb_text_2  et_pb_text_align_left et_pb_bg_layout_light\">\n\t\t\t\t\n\t\t\t\t\n\t\t\t\t\n\t\t\t\t\n\t\t\t\t<div class=\"et_pb_text_inner\"><div class=\"oe-section-box\">\n<div class=\"oe-section-heading\">\n\t\t\t\t<span class=\"oe-eyebrow\">Co o\u010dek\u00e1vat<\/span><\/p>\n<h2>Oblasti, kter\u00e9 tato podstr\u00e1nka komunikuje jako prvn\u00ed<\/h2>\n<p>Obsah ukazuje, \u017ee servis pokr\u00fdv\u00e1 i men\u0161\u00ed a technicky specifick\u00e1 za\u0159\u00edzen\u00ed, co\u017e posiluje dojem odbornosti a \u0161\u00ed\u0159e z\u00e1b\u011bru.<\/p>\n<\/p><\/div>\n<div class=\"oe-signal-grid\">\n<article class=\"oe-signal-card\">\n<p>po\u0161kozen\u00e1 skla a obrazovky<\/p>\n<\/article>\n<article class=\"oe-signal-card\">\n<p>v\u00fddr\u017e baterie a nab\u00edjen\u00ed<\/p>\n<\/article>\n<article class=\"oe-signal-card\">\n<p>probl\u00e9my s korunkou, tla\u010d\u00edtky a senzory<\/p>\n<\/article>\n<\/div><\/div><\/div>\n\t\t\t<\/div>\n\t\t\t<\/div>\n\t\t\t\t\n\t\t\t\t\n\t\t\t\t\n\t\t\t\t\n\t\t\t<\/div>\n\t\t\t\t\n\t\t\t\t\n\t\t\t<\/div><div class=\"et_d4_element et_pb_section et_pb_section_2 oe-surface-section  et_pb_css_mix_blend_mode et_section_regular et_block_section\" >\n\t\t\t\t\n\t\t\t\t\n\t\t\t\t\n\t\t\t\t\n\t\t\t\t\n\t\t\t\t\n\t\t\t\t<div class=\"et_d4_element et_pb_row et_pb_row_2  et_pb_css_mix_blend_mode et_block_row\">\n\t\t\t\t<div class=\"et_d4_element et_pb_column_4_4 et_pb_column et_pb_column_3  et_pb_css_mix_blend_mode et-last-child et_block_column\">\n\t\t\t\t\n\t\t\t\t\n\t\t\t\t\n\t\t\t\t\n\t\t\t\t<div class=\"et_pb_module et_d4_element et_pb_text et_pb_text_3  et_pb_text_align_left et_pb_bg_layout_light\">\n\t\t\t\t\n\t\t\t\t\n\t\t\t\t\n\t\t\t\t\n\t\t\t\t<div class=\"et_pb_text_inner\"><div class=\"oe-section-box\">\n<div class=\"oe-section-heading\">\n\t\t\t\t<span class=\"oe-eyebrow\">Nej\u010dast\u011bj\u0161\u00ed opravy<\/span><\/p>\n<h2>Situace, se kter\u00fdmi se u t\u00e9to kategorie \u0159e\u0161\u00ed servis nej\u010dast\u011bji<\/h2>\n<p>Podstr\u00e1nka je p\u0159ipraven\u00e1 jako p\u0159ehledn\u00e1 prezentace typick\u00fdch z\u00e1vad a o\u010dek\u00e1v\u00e1n\u00ed z\u00e1kazn\u00edka p\u0159ed odesl\u00e1n\u00edm popt\u00e1vky.<\/p>\n<\/p><\/div>\n<div class=\"oe-issue-grid\">\n<div class=\"oe-issue-tile\">praskl\u00e9 kryc\u00ed sklo nebo displej<\/div>\n<div class=\"oe-issue-tile\">rychl\u00e9 vyb\u00edjen\u00ed baterie<\/div>\n<div class=\"oe-issue-tile\">nefunk\u010dn\u00ed nab\u00edjen\u00ed nebo dob\u00edjec\u00ed kontakty<\/div>\n<div class=\"oe-issue-tile\">probl\u00e9my s tla\u010d\u00edtky, korunkou nebo vibracemi<\/div>\n<div class=\"oe-issue-tile\">nespolehliv\u00e9 senzory a konektivita<\/div>\n<div class=\"oe-issue-tile\">z\u00e1vady po mechanick\u00e9m nam\u00e1h\u00e1n\u00ed nebo kontaktu s vlhkost\u00ed<\/div>\n<\/div><\/div><\/div>\n\t\t\t<\/div>\n\t\t\t<\/div>\n\t\t\t\t\n\t\t\t\t\n\t\t\t\t\n\t\t\t\t\n\t\t\t<\/div>\n\t\t\t\t\n\t\t\t\t\n\t\t\t<\/div><div class=\"et_d4_element et_pb_section et_pb_section_3  et_pb_css_mix_blend_mode et_section_regular et_block_section\" >\n\t\t\t\t\n\t\t\t\t\n\t\t\t\t\n\t\t\t\t\n\t\t\t\t\n\t\t\t\t\n\t\t\t\t<div class=\"et_d4_element et_pb_row et_pb_row_3  et_pb_css_mix_blend_mode et_block_row\">\n\t\t\t\t<div class=\"et_d4_element et_pb_column_4_4 et_pb_column et_pb_column_4  et_pb_css_mix_blend_mode et-last-child et_block_column\">\n\t\t\t\t\n\t\t\t\t\n\t\t\t\t\n\t\t\t\t\n\t\t\t\t<div class=\"et_pb_module et_d4_element et_pb_text et_pb_text_4  et_pb_text_align_left et_pb_bg_layout_light\">\n\t\t\t\t\n\t\t\t\t\n\t\t\t\t\n\t\t\t\t\n\t\t\t\t<div class=\"et_pb_text_inner\"><div class=\"oe-section-box\">\n<div class=\"oe-two-column\">\n<div class=\"oe-simple-card\">\n<h3>Jak str\u00e1nka p\u016fsob\u00ed na n\u00e1v\u0161t\u011bvn\u00edka<\/h3>\n<p>Samostatn\u00e1 podstr\u00e1nka pro smartwatche vytv\u00e1\u0159\u00ed dojem specializovan\u00e9ho servisu a zvy\u0161uje d\u016fv\u011bryhodnost cel\u00e9ho webu. N\u00e1v\u0161t\u011bvn\u00edk vid\u00ed, \u017ee servis nen\u00ed omezen\u00fd jen na nejb\u011b\u017en\u011bj\u0161\u00ed elektroniku.<\/p>\n<p>D\u00edky Divi lze pozd\u011bji snadno doplnit konkr\u00e9tn\u00ed zna\u010dky, modelov\u00e9 \u0159ady nebo vysv\u011btlen\u00ed, jak\u00e9 typy z\u00e1vad se \u0159e\u0161\u00ed nej\u010dast\u011bji.<\/p>\n<\/p><\/div>\n<div class=\"oe-side-panel\">\n<h3>K \u010demu je obsah p\u0159ipraven\u00fd<\/h3>\n<p>Na prezentaci oprav zam\u011b\u0159en\u00fdch na chytr\u00e9 hodinky a dal\u0161\u00ed nositelnou elektroniku.<\/p>\n<ul class=\"oe-check-list\">\n<li>mechanick\u00e9 po\u0161kozen\u00ed obrazovky<\/li>\n<li>nap\u00e1jen\u00ed a baterie<\/li>\n<li>ovl\u00e1dac\u00ed prvky a senzory<\/li>\n<\/ul><\/div>\n<\/p><\/div>\n<\/p><\/div><\/div>\n\t\t\t<\/div>\n\t\t\t<\/div>\n\t\t\t\t\n\t\t\t\t\n\t\t\t\t\n\t\t\t\t\n\t\t\t<\/div>\n\t\t\t\t\n\t\t\t\t\n\t\t\t<\/div><div class=\"et_d4_element et_pb_section et_pb_section_4  et_pb_css_mix_blend_mode et_section_regular et_block_section\" >\n\t\t\t\t\n\t\t\t\t\n\t\t\t\t\n\t\t\t\t\n\t\t\t\t\n\t\t\t\t\n\t\t\t\t<div class=\"et_d4_element et_pb_row et_pb_row_4  et_pb_css_mix_blend_mode et_block_row\">\n\t\t\t\t<div class=\"et_d4_element et_pb_column_4_4 et_pb_column et_pb_column_5  et_pb_css_mix_blend_mode et-last-child et_block_column\">\n\t\t\t\t\n\t\t\t\t\n\t\t\t\t\n\t\t\t\t\n\t\t\t\t<div class=\"et_pb_module et_d4_element et_pb_text et_pb_text_5  et_pb_text_align_left et_pb_bg_layout_light\">\n\t\t\t\t\n\t\t\t\t\n\t\t\t\t\n\t\t\t\t\n\t\t\t\t<div class=\"et_pb_text_inner\"><div class=\"oe-cta-panel\">\n<div class=\"oe-cta-copy\">\n<h2>Pot\u0159ebujete \u0159e\u0161it pr\u00e1v\u011b tento typ za\u0159\u00edzen\u00ed?<\/h2>\n<p>Po\u0161lete model, zna\u010dku a stru\u010dn\u00fd popis z\u00e1vady. P\u0159ipravili jsme str\u00e1nku tak, aby n\u00e1v\u0161t\u011bvn\u00edk rychle pochopil, s \u010d\u00edm se na servis m\u016f\u017ee obr\u00e1tit.<\/p>\n<\/p><\/div>\n<div class=\"oe-button-row\"><a class=\"oe-btn oe-btn--primary\" href=\"https:\/\/opravimeelektro.cz\/index.php\/kontakt\/\">Poslat popt\u00e1vku<\/a><\/div>\n<\/p><\/div><\/div>\n\t\t\t<\/div>\n\t\t\t<\/div>\n\t\t\t\t\n\t\t\t\t\n\t\t\t\t\n\t\t\t\t\n\t\t\t<\/div>\n\t\t\t\t\n\t\t\t\t\n\t\t\t<\/div><\/p>\n","protected":false},"excerpt":{"rendered":"","protected":false},"author":0,"featured_media":0,"parent":16,"menu_order":10,"comment_status":"closed","ping_status":"closed","template":"","meta":{"_et_pb_use_builder":"on","_et_pb_old_content":"","_et_gb_content_width":"","footnotes":""},"class_list":["post-22","page","type-page","status-publish","hentry"],"_links":{"self":[{"href":"https:\/\/opravimeelektro.cz\/index.php\/wp-json\/wp\/v2\/pages\/22","targetHints":{"allow":["GET"]}}],"collection":[{"href":"https:\/\/opravimeelektro.cz\/index.php\/wp-json\/wp\/v2\/pages"}],"about":[{"href":"https:\/\/opravimeelektro.cz\/index.php\/wp-json\/wp\/v2\/types\/page"}],"replies":[{"embeddable":true,"href":"https:\/\/opravimeelektro.cz\/index.php\/wp-json\/wp\/v2\/comments?post=22"}],"version-history":[{"count":4,"href":"https:\/\/opravimeelektro.cz\/index.php\/wp-json\/wp\/v2\/pages\/22\/revisions"}],"predecessor-version":[{"id":78,"href":"https:\/\/opravimeelektro.cz\/index.php\/wp-json\/wp\/v2\/pages\/22\/revisions\/78"}],"up":[{"embeddable":true,"href":"https:\/\/opravimeelektro.cz\/index.php\/wp-json\/wp\/v2\/pages\/16"}],"wp:attachment":[{"href":"https:\/\/opravimeelektro.cz\/index.php\/wp-json\/wp\/v2\/media?parent=22"}],"curies":[{"name":"wp","href":"https:\/\/api.w.org\/{rel}","templated":true}]}}