{"id":23,"date":"2026-04-04T13:33:12","date_gmt":"2026-04-04T11:33:12","guid":{"rendered":"https:\/\/opravimeelektro.cz\/index.php\/sluzby\/servis-notebooku-a-pocitacu\/"},"modified":"2026-04-04T14:51:43","modified_gmt":"2026-04-04T12:51:43","slug":"servis-notebooku-a-pocitacu","status":"publish","type":"page","link":"https:\/\/opravimeelektro.cz\/index.php\/sluzby\/servis-notebooku-a-pocitacu\/","title":{"rendered":"Servis notebook\u016f a po\u010d\u00edta\u010d\u016f"},"content":{"rendered":"<p><div class=\"et_d4_element et_pb_section et_pb_section_0 oe-page-hero  et_pb_css_mix_blend_mode et_section_regular et_block_section\" >\n\t\t\t\t\n\t\t\t\t\n\t\t\t\t\n\t\t\t\t\n\t\t\t\t\n\t\t\t\t\n\t\t\t\t<div class=\"et_d4_element et_pb_row et_pb_row_0  et_pb_css_mix_blend_mode et_block_row\">\n\t\t\t\t<div class=\"et_d4_element et_pb_column_1_2 et_pb_column et_pb_column_0  et_pb_css_mix_blend_mode et_block_column\">\n\t\t\t\t\n\t\t\t\t\n\t\t\t\t\n\t\t\t\t\n\t\t\t\t<div class=\"et_pb_module et_d4_element et_pb_text et_pb_text_0  et_pb_text_align_left et_pb_bg_layout_light\">\n\t\t\t\t\n\t\t\t\t\n\t\t\t\t\n\t\t\t\t\n\t\t\t\t<div class=\"et_pb_text_inner\"><div class=\"oe-hero-card\">\n<div class=\"oe-section-heading\">\n\t\t\t\t<span class=\"oe-eyebrow\">Notebooky a PC<\/span><\/p>\n<h2>Servis notebook\u016f a po\u010d\u00edta\u010d\u016f<\/h2>\n<p>Tato podstr\u00e1nka spojuje notebooky a stoln\u00ed po\u010d\u00edta\u010de do jedn\u00e9 servisn\u00ed oblasti s d\u016frazem na v\u00fdkon, spolehlivost a ka\u017edodenn\u00ed provoz.<\/p>\n<div class=\"oe-button-row\">\n\t\t\t\t\t<a class=\"oe-btn oe-btn--primary\" href=\"https:\/\/opravimeelektro.cz\/index.php\/kontakt\/\">Nez\u00e1vazn\u011b popsat z\u00e1vadu<\/a><br \/>\n\t\t\t\t\t<a class=\"oe-btn oe-btn--ghost\" href=\"https:\/\/opravimeelektro.cz\/index.php\/sluzby\/\">Zp\u011bt na slu\u017eby<\/a>\n\t\t\t\t<\/div>\n<\/p><\/div>\n<\/p><\/div><\/div>\n\t\t\t<\/div>\n\t\t\t<\/div><div class=\"et_d4_element et_pb_column_1_2 et_pb_column et_pb_column_1  et_pb_css_mix_blend_mode et-last-child et_block_column\">\n\t\t\t\t\n\t\t\t\t\n\t\t\t\t\n\t\t\t\t\n\t\t\t\t<div class=\"et_pb_module et_d4_element et_pb_text et_pb_text_1  et_pb_text_align_left et_pb_bg_layout_light\">\n\t\t\t\t\n\t\t\t\t\n\t\t\t\t\n\t\t\t\t\n\t\t\t\t<div class=\"et_pb_text_inner\"><div class=\"oe-side-panel oe-side-panel--accent\">\n<h3>Co na str\u00e1nce zazn\u00edv\u00e1<\/h3>\n<p>Obsah kombinuje mechanick\u00e9 opravy, probl\u00e9my s chlazen\u00edm a nap\u00e1jen\u00edm i t\u00e9mata spojen\u00e1 s \u00falo\u017ei\u0161ti a ka\u017edodenn\u00ed stabilitou za\u0159\u00edzen\u00ed.<\/p>\n<ul class=\"oe-check-list\">\n<li>nefunk\u010dn\u00ed nap\u00e1jen\u00ed a konektory<\/li>\n<li>p\u0159eh\u0159\u00edv\u00e1n\u00ed a hlu\u010dn\u00e9 chlazen\u00ed<\/li>\n<li>zpomalen\u00ed syst\u00e9mu, disky a pam\u011bti<\/li>\n<\/ul><\/div><\/div>\n\t\t\t<\/div>\n\t\t\t<\/div>\n\t\t\t\t\n\t\t\t\t\n\t\t\t\t\n\t\t\t\t\n\t\t\t<\/div>\n\t\t\t\t\n\t\t\t\t\n\t\t\t<\/div><div class=\"et_d4_element et_pb_section et_pb_section_1  et_pb_css_mix_blend_mode et_section_regular et_block_section\" >\n\t\t\t\t\n\t\t\t\t\n\t\t\t\t\n\t\t\t\t\n\t\t\t\t\n\t\t\t\t\n\t\t\t\t<div class=\"et_d4_element et_pb_row et_pb_row_1  et_pb_css_mix_blend_mode et_block_row\">\n\t\t\t\t<div class=\"et_d4_element et_pb_column_4_4 et_pb_column et_pb_column_2  et_pb_css_mix_blend_mode et-last-child et_block_column\">\n\t\t\t\t\n\t\t\t\t\n\t\t\t\t\n\t\t\t\t\n\t\t\t\t<div class=\"et_pb_module et_d4_element et_pb_text et_pb_text_2  et_pb_text_align_left et_pb_bg_layout_light\">\n\t\t\t\t\n\t\t\t\t\n\t\t\t\t\n\t\t\t\t\n\t\t\t\t<div class=\"et_pb_text_inner\"><div class=\"oe-section-box\">\n<div class=\"oe-section-heading\">\n\t\t\t\t<span class=\"oe-eyebrow\">Co o\u010dek\u00e1vat<\/span><\/p>\n<h2>Oblasti, kter\u00e9 tato podstr\u00e1nka komunikuje jako prvn\u00ed<\/h2>\n<p>Obsah kombinuje mechanick\u00e9 opravy, probl\u00e9my s chlazen\u00edm a nap\u00e1jen\u00edm i t\u00e9mata spojen\u00e1 s \u00falo\u017ei\u0161ti a ka\u017edodenn\u00ed stabilitou za\u0159\u00edzen\u00ed.<\/p>\n<\/p><\/div>\n<div class=\"oe-signal-grid\">\n<article class=\"oe-signal-card\">\n<p>nefunk\u010dn\u00ed nap\u00e1jen\u00ed a konektory<\/p>\n<\/article>\n<article class=\"oe-signal-card\">\n<p>p\u0159eh\u0159\u00edv\u00e1n\u00ed a hlu\u010dn\u00e9 chlazen\u00ed<\/p>\n<\/article>\n<article class=\"oe-signal-card\">\n<p>zpomalen\u00ed syst\u00e9mu, disky a pam\u011bti<\/p>\n<\/article>\n<\/div><\/div><\/div>\n\t\t\t<\/div>\n\t\t\t<\/div>\n\t\t\t\t\n\t\t\t\t\n\t\t\t\t\n\t\t\t\t\n\t\t\t<\/div>\n\t\t\t\t\n\t\t\t\t\n\t\t\t<\/div><div class=\"et_d4_element et_pb_section et_pb_section_2 oe-surface-section  et_pb_css_mix_blend_mode et_section_regular et_block_section\" >\n\t\t\t\t\n\t\t\t\t\n\t\t\t\t\n\t\t\t\t\n\t\t\t\t\n\t\t\t\t\n\t\t\t\t<div class=\"et_d4_element et_pb_row et_pb_row_2  et_pb_css_mix_blend_mode et_block_row\">\n\t\t\t\t<div class=\"et_d4_element et_pb_column_4_4 et_pb_column et_pb_column_3  et_pb_css_mix_blend_mode et-last-child et_block_column\">\n\t\t\t\t\n\t\t\t\t\n\t\t\t\t\n\t\t\t\t\n\t\t\t\t<div class=\"et_pb_module et_d4_element et_pb_text et_pb_text_3  et_pb_text_align_left et_pb_bg_layout_light\">\n\t\t\t\t\n\t\t\t\t\n\t\t\t\t\n\t\t\t\t\n\t\t\t\t<div class=\"et_pb_text_inner\"><div class=\"oe-section-box\">\n<div class=\"oe-section-heading\">\n\t\t\t\t<span class=\"oe-eyebrow\">Nej\u010dast\u011bj\u0161\u00ed opravy<\/span><\/p>\n<h2>Situace, se kter\u00fdmi se u t\u00e9to kategorie \u0159e\u0161\u00ed servis nej\u010dast\u011bji<\/h2>\n<p>Podstr\u00e1nka je p\u0159ipraven\u00e1 jako p\u0159ehledn\u00e1 prezentace typick\u00fdch z\u00e1vad a o\u010dek\u00e1v\u00e1n\u00ed z\u00e1kazn\u00edka p\u0159ed odesl\u00e1n\u00edm popt\u00e1vky.<\/p>\n<\/p><\/div>\n<div class=\"oe-issue-grid\">\n<div class=\"oe-issue-tile\">notebook nebo PC se nezap\u00edn\u00e1<\/div>\n<div class=\"oe-issue-tile\">probl\u00e9my s nap\u00e1jen\u00edm, bateri\u00ed nebo adapt\u00e9rem<\/div>\n<div class=\"oe-issue-tile\">p\u0159eh\u0159\u00edv\u00e1n\u00ed, hlu\u010dn\u00fd ventil\u00e1tor a zanesen\u00e9 chlazen\u00ed<\/div>\n<div class=\"oe-issue-tile\">po\u0161kozen\u00fd displej, panty, kl\u00e1vesnice nebo touchpad<\/div>\n<div class=\"oe-issue-tile\">v\u00fdm\u011bna disku, pam\u011bti nebo jin\u00e9 provozn\u00ed modernizace<\/div>\n<div class=\"oe-issue-tile\">celkov\u00e1 nestabilita a zpomalen\u00ed za\u0159\u00edzen\u00ed<\/div>\n<\/div><\/div><\/div>\n\t\t\t<\/div>\n\t\t\t<\/div>\n\t\t\t\t\n\t\t\t\t\n\t\t\t\t\n\t\t\t\t\n\t\t\t<\/div>\n\t\t\t\t\n\t\t\t\t\n\t\t\t<\/div><div class=\"et_d4_element et_pb_section et_pb_section_3  et_pb_css_mix_blend_mode et_section_regular et_block_section\" >\n\t\t\t\t\n\t\t\t\t\n\t\t\t\t\n\t\t\t\t\n\t\t\t\t\n\t\t\t\t\n\t\t\t\t<div class=\"et_d4_element et_pb_row et_pb_row_3  et_pb_css_mix_blend_mode et_block_row\">\n\t\t\t\t<div class=\"et_d4_element et_pb_column_4_4 et_pb_column et_pb_column_4  et_pb_css_mix_blend_mode et-last-child et_block_column\">\n\t\t\t\t\n\t\t\t\t\n\t\t\t\t\n\t\t\t\t\n\t\t\t\t<div class=\"et_pb_module et_d4_element et_pb_text et_pb_text_4  et_pb_text_align_left et_pb_bg_layout_light\">\n\t\t\t\t\n\t\t\t\t\n\t\t\t\t\n\t\t\t\t\n\t\t\t\t<div class=\"et_pb_text_inner\"><div class=\"oe-section-box\">\n<div class=\"oe-two-column\">\n<div class=\"oe-simple-card\">\n<h3>Pro\u010d je tato str\u00e1nka d\u016fle\u017eit\u00e1<\/h3>\n<p>Notebooky a po\u010d\u00edta\u010de b\u00fdvaj\u00ed pro firmn\u00ed web kl\u00ed\u010dov\u00e1 kategorie, proto\u017ee zde z\u00e1kazn\u00edk o\u010dek\u00e1v\u00e1 \u0161ir\u0161\u00ed servisn\u00ed z\u00e1b\u011br. Proto je obsah postaven\u00fd prakticky a bez p\u0159ehnan\u00fdch technick\u00fdch detail\u016f.<\/p>\n<p>Struktura je p\u0159ipraven\u00e1 i pro budouc\u00ed roz\u0161\u00ed\u0159en\u00ed o samostatn\u00e9 sekce pro firemn\u00ed za\u0159\u00edzen\u00ed, pravidelnou \u00fadr\u017ebu nebo konkr\u00e9tn\u00ed komponenty.<\/p>\n<\/p><\/div>\n<div class=\"oe-side-panel\">\n<h3>Kdy str\u00e1nka funguje nejl\u00e9pe<\/h3>\n<p>Kdy\u017e m\u00e1 n\u00e1v\u0161t\u011bvn\u00edk dojem, \u017ee pot\u0159ebuje \u0159e\u0161it za\u0159\u00edzen\u00ed pou\u017e\u00edvan\u00e9 pro pr\u00e1ci, \u0161kolu nebo dom\u00e1c\u00ed provoz.<\/p>\n<ul class=\"oe-check-list\">\n<li>v\u00fdkon a stabilita syst\u00e9mu<\/li>\n<li>mechanick\u00e9 \u010d\u00e1sti notebook\u016f<\/li>\n<li>chlazen\u00ed, nap\u00e1jen\u00ed a \u00falo\u017ei\u0161t\u011b<\/li>\n<\/ul><\/div>\n<\/p><\/div>\n<\/p><\/div><\/div>\n\t\t\t<\/div>\n\t\t\t<\/div>\n\t\t\t\t\n\t\t\t\t\n\t\t\t\t\n\t\t\t\t\n\t\t\t<\/div>\n\t\t\t\t\n\t\t\t\t\n\t\t\t<\/div><div class=\"et_d4_element et_pb_section et_pb_section_4  et_pb_css_mix_blend_mode et_section_regular et_block_section\" >\n\t\t\t\t\n\t\t\t\t\n\t\t\t\t\n\t\t\t\t\n\t\t\t\t\n\t\t\t\t\n\t\t\t\t<div class=\"et_d4_element et_pb_row et_pb_row_4  et_pb_css_mix_blend_mode et_block_row\">\n\t\t\t\t<div class=\"et_d4_element et_pb_column_4_4 et_pb_column et_pb_column_5  et_pb_css_mix_blend_mode et-last-child et_block_column\">\n\t\t\t\t\n\t\t\t\t\n\t\t\t\t\n\t\t\t\t\n\t\t\t\t<div class=\"et_pb_module et_d4_element et_pb_text et_pb_text_5  et_pb_text_align_left et_pb_bg_layout_light\">\n\t\t\t\t\n\t\t\t\t\n\t\t\t\t\n\t\t\t\t\n\t\t\t\t<div class=\"et_pb_text_inner\"><div class=\"oe-cta-panel\">\n<div class=\"oe-cta-copy\">\n<h2>Pot\u0159ebujete \u0159e\u0161it pr\u00e1v\u011b tento typ za\u0159\u00edzen\u00ed?<\/h2>\n<p>Po\u0161lete model, zna\u010dku a stru\u010dn\u00fd popis z\u00e1vady. P\u0159ipravili jsme str\u00e1nku tak, aby n\u00e1v\u0161t\u011bvn\u00edk rychle pochopil, s \u010d\u00edm se na servis m\u016f\u017ee obr\u00e1tit.<\/p>\n<\/p><\/div>\n<div class=\"oe-button-row\"><a class=\"oe-btn oe-btn--primary\" href=\"https:\/\/opravimeelektro.cz\/index.php\/kontakt\/\">Poslat popt\u00e1vku<\/a><\/div>\n<\/p><\/div><\/div>\n\t\t\t<\/div>\n\t\t\t<\/div>\n\t\t\t\t\n\t\t\t\t\n\t\t\t\t\n\t\t\t\t\n\t\t\t<\/div>\n\t\t\t\t\n\t\t\t\t\n\t\t\t<\/div><\/p>\n","protected":false},"excerpt":{"rendered":"","protected":false},"author":0,"featured_media":0,"parent":16,"menu_order":10,"comment_status":"closed","ping_status":"closed","template":"","meta":{"_et_pb_use_builder":"on","_et_pb_old_content":"","_et_gb_content_width":"","footnotes":""},"class_list":["post-23","page","type-page","status-publish","hentry"],"_links":{"self":[{"href":"https:\/\/opravimeelektro.cz\/index.php\/wp-json\/wp\/v2\/pages\/23","targetHints":{"allow":["GET"]}}],"collection":[{"href":"https:\/\/opravimeelektro.cz\/index.php\/wp-json\/wp\/v2\/pages"}],"about":[{"href":"https:\/\/opravimeelektro.cz\/index.php\/wp-json\/wp\/v2\/types\/page"}],"replies":[{"embeddable":true,"href":"https:\/\/opravimeelektro.cz\/index.php\/wp-json\/wp\/v2\/comments?post=23"}],"version-history":[{"count":4,"href":"https:\/\/opravimeelektro.cz\/index.php\/wp-json\/wp\/v2\/pages\/23\/revisions"}],"predecessor-version":[{"id":79,"href":"https:\/\/opravimeelektro.cz\/index.php\/wp-json\/wp\/v2\/pages\/23\/revisions\/79"}],"up":[{"embeddable":true,"href":"https:\/\/opravimeelektro.cz\/index.php\/wp-json\/wp\/v2\/pages\/16"}],"wp:attachment":[{"href":"https:\/\/opravimeelektro.cz\/index.php\/wp-json\/wp\/v2\/media?parent=23"}],"curies":[{"name":"wp","href":"https:\/\/api.w.org\/{rel}","templated":true}]}}